{"id":28864,"date":"2021-11-25T03:53:45","date_gmt":"2021-11-25T03:53:45","guid":{"rendered":"https:\/\/watmarpjan.org\/pt\/?page_id=28864"},"modified":"2022-03-12T07:13:44","modified_gmt":"2022-03-12T07:13:44","slug":"palestra-audio","status":"publish","type":"page","link":"https:\/\/watmarpjan.org\/pt\/palestra-audio\/","title":{"rendered":"Palestras &#8211; \u00c1udio"},"content":{"rendered":"<div class=\"row \"><div class=\"wpv-grid grid-2-5  wpv-first-level first unextended\" style=\"padding-top:0px;padding-bottom:0px\" id=\"wpv-column-4711b5b25a67adedc11eddccb01a024b\" ><p><img loading=\"lazy\" decoding=\"async\" class=\"alignnone size-medium wp-image-28832\" src=\"https:\/\/watmarpjan.org\/pt\/wp-content\/uploads\/sites\/9\/B38I9784-300x200.jpg\" alt=\"\" width=\"300\" height=\"200\" srcset=\"https:\/\/watmarpjan.org\/pt\/wp-content\/uploads\/sites\/9\/B38I9784-300x200.jpg 300w, https:\/\/watmarpjan.org\/pt\/wp-content\/uploads\/sites\/9\/B38I9784-1024x683.jpg 1024w, https:\/\/watmarpjan.org\/pt\/wp-content\/uploads\/sites\/9\/B38I9784-1536x1024.jpg 1536w, https:\/\/watmarpjan.org\/pt\/wp-content\/uploads\/sites\/9\/B38I9784-2048x1365.jpg 2048w, https:\/\/watmarpjan.org\/pt\/wp-content\/uploads\/sites\/9\/B38I9784-1140x760.jpg 1140w, https:\/\/watmarpjan.org\/pt\/wp-content\/uploads\/sites\/9\/B38I9784-555x370.jpg 555w, https:\/\/watmarpjan.org\/pt\/wp-content\/uploads\/sites\/9\/B38I9784-360x240.jpg 360w, https:\/\/watmarpjan.org\/pt\/wp-content\/uploads\/sites\/9\/B38I9784-262x175.jpg 262w, https:\/\/watmarpjan.org\/pt\/wp-content\/uploads\/sites\/9\/B38I9784-300x200@2x.jpg 600w\" sizes=\"auto, (max-width: 300px) 100vw, 300px\" \/><\/div>\n<div class=\"wpv-grid grid-3-5  wpv-first-level unextended\" style=\"padding-top:0px;padding-bottom:0px\" id=\"wpv-column-0e3f7aeb80d767576cd564224246e169\" ><h2><img loading=\"lazy\" decoding=\"async\" class=\"alignnone wp-image-28860\" src=\"https:\/\/watmarpjan.org\/pt\/wp-content\/uploads\/sites\/9\/download-1.png\" alt=\"\" width=\"109\" height=\"62\" srcset=\"https:\/\/watmarpjan.org\/pt\/wp-content\/uploads\/sites\/9\/download-1.png 298w, https:\/\/watmarpjan.org\/pt\/wp-content\/uploads\/sites\/9\/download-1-262x149.png 262w\" sizes=\"auto, (max-width: 109px) 100vw, 109px\" \/> Palestras 2022<\/h2>\n<p>Para baixar todas de uma vez, <a href=\"https:\/\/drive.google.com\/file\/d\/1-ggW4st80YQS-s5FErGsz5Ro8OR_lG1a\/view?usp=sharing\">Clique Aqui\u00a0<\/a><\/p>\n<ul>\n<li>Conven\u00e7\u00f5es, Libera\u00e7\u00e3o e o Vazio &#8211; <a href=\"https:\/\/watmarpjan.org\/pt\/wp-content\/uploads\/sites\/9\/0543-convencoes-liberacao-vazio.mp3\">Download<\/a><\/li>\n<li>Desenvolvendo Samadhi e Sabedoria &#8211; <a href=\"https:\/\/watmarpjan.org\/pt\/wp-content\/uploads\/sites\/9\/Desenvolvendo-Samadhi-e-Sabedoria.mp3\">Download<\/a><\/li>\n<li>Merito Moralidade e Medita\u00e7\u00e3o &#8211; <a href=\"https:\/\/watmarpjan.org\/pt\/wp-content\/uploads\/sites\/9\/Merito-Moralidade-e-Meditacao.mp3\">Download<\/a><\/li>\n<li>O Caminho de Moralidade Concentra\u00e7\u00e3o e Sabedoria &#8211; <a href=\"https:\/\/watmarpjan.org\/pt\/wp-content\/uploads\/sites\/9\/O-caminho-de-Moralidade-Concentracao-e-Sabedoria.mp3\">Download<\/a><\/li>\n<li>O &#8216;P\u0101ram\u012b&#8217; do Buddha &#8211; <a href=\"https:\/\/watmarpjan.org\/pt\/wp-content\/uploads\/sites\/9\/0417-o-parami-do-Buddha.mp3\">Download<\/a><\/li>\n<li>Vidas passadas do Buddha e rei Rama IX &#8211; <a href=\"https:\/\/watmarpjan.org\/pt\/wp-content\/uploads\/sites\/9\/Vidas-passadas-do-Buddha-e-rei-Rama-IX.mp3\">Download<\/a>ou:<br \/>\n<h2><a href=\"https:\/\/www.youtube.com\/channel\/UCn_CA-2HicChE6jvL4ir3oA\"><strong>-&gt;Ver palestras no Youtube.<\/strong><\/a><\/h2>\n<\/li>\n<\/ul>\n<h2><img loading=\"lazy\" decoding=\"async\" class=\"alignnone wp-image-28860\" src=\"https:\/\/watmarpjan.org\/pt\/wp-content\/uploads\/sites\/9\/download-1.png\" alt=\"\" width=\"109\" height=\"62\" srcset=\"https:\/\/watmarpjan.org\/pt\/wp-content\/uploads\/sites\/9\/download-1.png 298w, https:\/\/watmarpjan.org\/pt\/wp-content\/uploads\/sites\/9\/download-1-262x149.png 262w\" sizes=\"auto, (max-width: 109px) 100vw, 109px\" \/> Palestras 2021<\/h2>\n<p>Para baixar todas de uma vez, <a href=\"https:\/\/drive.google.com\/file\/d\/1qoPBDKls-Ifv6lQECZ8rfFM6hQHuhSZP\/view?usp=sharing\">Clique Aqui\u00a0<\/a><\/p>\n<ul>\n<li>Acalmar a mente, entender a Verdade &#8211; <a href=\"https:\/\/watmarpjan.org\/pt\/wp-content\/uploads\/sites\/9\/Acalmar-a-mente-entender-a-Verdade.mp3\">Download<\/a><\/li>\n<li>Autossacrificio, Trabalho em grupo, Sati e Samadhi &#8211; <a href=\"https:\/\/watmarpjan.org\/pt\/wp-content\/uploads\/sites\/9\/Autossacrificio-Trabalho-em-grupo-Sati-e-Samadhi.mp3\">Download<\/a><\/li>\n<li>As tr\u00eas caracter\u00edsticas e o Mundo &#8211; <a href=\"https:\/\/watmarpjan.org\/pt\/wp-content\/uploads\/sites\/9\/1015-As-tres-caracteristicas-e-o-mundo.mp3\">Download<\/a><\/li>\n<li>Contemplando os Pensamentos &#8211; <a href=\"https:\/\/watmarpjan.org\/pt\/wp-content\/uploads\/sites\/9\/Contemplando-os-Pensamentos.mp3\">Download<\/a><\/li>\n<li>Contemplando Vida e Morte &#8211; <a href=\"https:\/\/watmarpjan.org\/pt\/wp-content\/uploads\/sites\/9\/Contemplando-Vida-e-Morte.mp3\">Download<\/a><\/li>\n<li>Conviv\u00eancia em harmonia &#8211; <a href=\"https:\/\/watmarpjan.org\/pt\/wp-content\/uploads\/sites\/9\/Convivencia-em-harmonia.mp3\">Download<\/a><\/li>\n<li>Determina\u00e7\u00e3o na pr\u00e1tica Leiga &#8211; <a href=\"https:\/\/watmarpjan.org\/pt\/wp-content\/uploads\/sites\/9\/0515-determinacao-na-pratica-leiga.mp3\">Download<\/a><\/li>\n<li>Ensinamentos de Ajahn Chah &#8211; <a href=\"https:\/\/watmarpjan.org\/pt\/wp-content\/uploads\/sites\/9\/Ensinamentos-de-Ajahn-Chah.mp3\">Download<\/a><\/li>\n<li>Medita\u00e7\u00e3o e as causas do sofrimento &#8211; <a href=\"https:\/\/watmarpjan.org\/pt\/wp-content\/uploads\/sites\/9\/Meditacao-e-as-causas-do-sofrimento.mp3\">Download<\/a><\/li>\n<li>Medita\u00e7\u00e3o e Seus Benef\u00edcios &#8211; <a href=\"https:\/\/watmarpjan.org\/pt\/wp-content\/uploads\/sites\/9\/Meditacao-e-Seus-Beneficios.mp3\">Download<\/a><\/li>\n<li>Medita\u00e7\u00e3o, diferentes t\u00e9cnicas e Libera\u00e7\u00e3o final &#8211; <a href=\"https:\/\/watmarpjan.org\/pt\/wp-content\/uploads\/sites\/9\/Meditacao-diferentes-tecnicas-e-Liberacao-final.mp3\">Download<\/a><\/li>\n<li>M\u00e9rito Moralidade e Medita\u00e7\u00e3o &#8211; <a href=\"https:\/\/watmarpjan.org\/pt\/wp-content\/uploads\/sites\/9\/0209merito-moralidade-e-meditacao.mp3\">Download<\/a><\/li>\n<li>Onde n\u00e3o falta nada, onde n\u00e3o h\u00e1 bagun\u00e7a &#8211; <a href=\"https:\/\/watmarpjan.org\/pt\/wp-content\/uploads\/sites\/9\/Onde-nao-falta-nada-onde-nao-ha-bagunca.mp3\">Download<\/a><\/li>\n<li>Praticando em tempos de pandemia &#8211; <a href=\"https:\/\/watmarpjan.org\/pt\/wp-content\/uploads\/sites\/9\/Praticando-em-tempos-de-pandemia.mp3\">Download<\/a><\/li>\n<li>Sobre a Mente, Karma e Morte &#8211; <a href=\"https:\/\/watmarpjan.org\/pt\/wp-content\/uploads\/sites\/9\/Sobre-a-Mente-Karma-e-Morte.mp3\">Download<\/a><\/li>\n<li>Superando as preocupa\u00e7\u00f5es mundanas &#8211; <a href=\"https:\/\/watmarpjan.org\/pt\/wp-content\/uploads\/sites\/9\/Superando-as-preocupacoes-mundanas.mp3\">Download<\/a><\/li>\n<li>Treinando a mente, treinando o cora\u00e7\u00e3o &#8211; <a href=\"https:\/\/watmarpjan.org\/pt\/wp-content\/uploads\/sites\/9\/Treinando-a-mente-treinando-o-coracao.mp3\">Download<\/a><\/li>\n<li>Tudo Surge no Cora\u00e7\u00e3o &#8211; <a href=\"https:\/\/watmarpjan.org\/pt\/wp-content\/uploads\/sites\/9\/Tudo-Surge-no-Coracao.mp3\">Download<\/a><\/li>\n<li>Vesak &#8211; Nascimento, Ilumina\u00e7\u00e3o e Falecimento do Buda &#8211; <a href=\"https:\/\/watmarpjan.org\/pt\/wp-content\/uploads\/sites\/9\/Vesak-Nascimento-Iluminacao-e-Falecimento-do-Buda.mp3\">Download.<\/a>.<br \/>\nou:&nbsp;<\/p>\n<h2><a href=\"https:\/\/www.youtube.com\/channel\/UCn_CA-2HicChE6jvL4ir3oA\"><strong>-&gt;Ver palestras no Youtube.<\/strong><\/a><\/h2>\n<\/li>\n<\/ul><\/div><\/div>\n","protected":false},"excerpt":{"rendered":"<p>Palestras 2022 Para baixar todas de uma vez, Clique Aqui\u00a0 Conven\u00e7\u00f5es, Libera\u00e7\u00e3o e o Vazio &#8211; Download Desenvolvendo Samadhi e Sabedoria &#8211; Download Merito Moralidade e Medita\u00e7\u00e3o &#8211; Download O Caminho de Moralidade Concentra\u00e7\u00e3o e Sabedoria &#8211; Download O &#8216;P\u0101ram\u012b&#8217; do Buddha &#8211; Download Vidas passadas do Buddha e rei Rama IX &#8211; Downloadou: -&gt;Ver&#8230;<\/p>\n","protected":false},"author":16,"featured_media":0,"parent":0,"menu_order":0,"comment_status":"closed","ping_status":"closed","template":"","meta":{"_monsterinsights_skip_tracking":false,"_monsterinsights_sitenote_active":false,"_monsterinsights_sitenote_note":"","_monsterinsights_sitenote_category":0,"episode_type":"","audio_file":"","cover_image":"","cover_image_id":"","duration":"","filesize":"","date_recorded":"","explicit":"","block":"","filesize_raw":"","footnotes":""},"class_list":["post-28864","page","type-page","status-publish","hentry"],"_links":{"self":[{"href":"https:\/\/watmarpjan.org\/pt\/wp-json\/wp\/v2\/pages\/28864","targetHints":{"allow":["GET"]}}],"collection":[{"href":"https:\/\/watmarpjan.org\/pt\/wp-json\/wp\/v2\/pages"}],"about":[{"href":"https:\/\/watmarpjan.org\/pt\/wp-json\/wp\/v2\/types\/page"}],"author":[{"embeddable":true,"href":"https:\/\/watmarpjan.org\/pt\/wp-json\/wp\/v2\/users\/16"}],"replies":[{"embeddable":true,"href":"https:\/\/watmarpjan.org\/pt\/wp-json\/wp\/v2\/comments?post=28864"}],"version-history":[{"count":16,"href":"https:\/\/watmarpjan.org\/pt\/wp-json\/wp\/v2\/pages\/28864\/revisions"}],"predecessor-version":[{"id":28914,"href":"https:\/\/watmarpjan.org\/pt\/wp-json\/wp\/v2\/pages\/28864\/revisions\/28914"}],"wp:attachment":[{"href":"https:\/\/watmarpjan.org\/pt\/wp-json\/wp\/v2\/media?parent=28864"}],"curies":[{"name":"wp","href":"https:\/\/api.w.org\/{rel}","templated":true}]}}