{"id":28810,"date":"2021-10-29T03:42:40","date_gmt":"2021-10-29T03:42:40","guid":{"rendered":"https:\/\/watmarpjan.org\/pt\/?page_id=28810"},"modified":"2021-10-29T03:42:40","modified_gmt":"2021-10-29T03:42:40","slug":"doacoes","status":"publish","type":"page","link":"https:\/\/watmarpjan.org\/pt\/contato\/doacoes\/","title":{"rendered":"Doa\u00e7\u00f5es"},"content":{"rendered":"<div class=\"row \"><div class=\"wpv-grid grid-2-3  wpv-first-level first unextended\" style=\"padding-top:0px;padding-bottom:0px\" id=\"wpv-column-8cca15adc7d9f569c07f7f9096c69967\" ><p>\u00c9 tradicional no Budismo Theravada que os monast\u00e9rios sejam suportados somente por doa\u00e7\u00f5es. Nenhum de nossos materiais dispon\u00edveis aqui, ou estadia no mosterio, est\u00e3o sujeitos a qualquer tipo de pagamento. Se voc\u00ea se sente inspirado e deseja ajudar a continuar com esse trabalho e suportar a continua\u00e7\u00e3o da sangha mon\u00e1stica, sinta-se bem vindo para fazer uma contribui\u00e7\u00e3o.<\/p>\n<p>As informa\u00e7\u00f5es para o envio de doa\u00e7\u00f5es s\u00e3o:<\/p>\n<p>Banco: Bangkok Bank<br \/>\nAg\u00eancia: 0498 Ban Phe<br \/>\nEndere\u00e7o: 279\/4 Moo 2 Phe-Klang Krum Road, Phe,<br \/>\nMuang District, Rayong<br \/>\nNome: WAT MAB CHAN<br \/>\nN\u00famero da conta: 498-034542-7<br \/>\nC\u00f3digo SWIFT: BKKBTHBK<\/div>\n<div class=\"wpv-grid grid-1-3  wpv-first-level unextended\" style=\"padding-top:0px;padding-bottom:0px\" id=\"wpv-column-f426c7f42fb28fcc83cae88d31d88b4d\" ><p><img loading=\"lazy\" decoding=\"async\" class=\"alignnone size-medium wp-image-28811\" src=\"https:\/\/watmarpjan.org\/pt\/wp-content\/uploads\/sites\/9\/B38I3868-300x200.jpg\" alt=\"\" width=\"300\" height=\"200\" srcset=\"https:\/\/watmarpjan.org\/pt\/wp-content\/uploads\/sites\/9\/B38I3868-300x200.jpg 300w, https:\/\/watmarpjan.org\/pt\/wp-content\/uploads\/sites\/9\/B38I3868-1024x683.jpg 1024w, https:\/\/watmarpjan.org\/pt\/wp-content\/uploads\/sites\/9\/B38I3868-1536x1024.jpg 1536w, https:\/\/watmarpjan.org\/pt\/wp-content\/uploads\/sites\/9\/B38I3868-2048x1365.jpg 2048w, https:\/\/watmarpjan.org\/pt\/wp-content\/uploads\/sites\/9\/B38I3868-1140x760.jpg 1140w, https:\/\/watmarpjan.org\/pt\/wp-content\/uploads\/sites\/9\/B38I3868-555x370.jpg 555w, https:\/\/watmarpjan.org\/pt\/wp-content\/uploads\/sites\/9\/B38I3868-360x240.jpg 360w, https:\/\/watmarpjan.org\/pt\/wp-content\/uploads\/sites\/9\/B38I3868-262x175.jpg 262w, https:\/\/watmarpjan.org\/pt\/wp-content\/uploads\/sites\/9\/B38I3868-300x200@2x.jpg 600w\" sizes=\"auto, (max-width: 300px) 100vw, 300px\" \/><\/div><\/div>\n","protected":false},"excerpt":{"rendered":"<p>\u00c9 tradicional no Budismo Theravada que os monast\u00e9rios sejam suportados somente por doa\u00e7\u00f5es. Nenhum de nossos materiais dispon\u00edveis aqui, ou estadia no mosterio, est\u00e3o sujeitos a qualquer tipo de pagamento. Se voc\u00ea se sente inspirado e deseja ajudar a continuar com esse trabalho e suportar a continua\u00e7\u00e3o da sangha mon\u00e1stica, sinta-se bem vindo para fazer&#8230;<\/p>\n","protected":false},"author":16,"featured_media":0,"parent":25700,"menu_order":0,"comment_status":"closed","ping_status":"closed","template":"","meta":{"_monsterinsights_skip_tracking":false,"_monsterinsights_sitenote_active":false,"_monsterinsights_sitenote_note":"","_monsterinsights_sitenote_category":0,"episode_type":"","audio_file":"","cover_image":"","cover_image_id":"","duration":"","filesize":"","date_recorded":"","explicit":"","block":"","filesize_raw":"","footnotes":""},"class_list":["post-28810","page","type-page","status-publish","hentry"],"_links":{"self":[{"href":"https:\/\/watmarpjan.org\/pt\/wp-json\/wp\/v2\/pages\/28810","targetHints":{"allow":["GET"]}}],"collection":[{"href":"https:\/\/watmarpjan.org\/pt\/wp-json\/wp\/v2\/pages"}],"about":[{"href":"https:\/\/watmarpjan.org\/pt\/wp-json\/wp\/v2\/types\/page"}],"author":[{"embeddable":true,"href":"https:\/\/watmarpjan.org\/pt\/wp-json\/wp\/v2\/users\/16"}],"replies":[{"embeddable":true,"href":"https:\/\/watmarpjan.org\/pt\/wp-json\/wp\/v2\/comments?post=28810"}],"version-history":[{"count":3,"href":"https:\/\/watmarpjan.org\/pt\/wp-json\/wp\/v2\/pages\/28810\/revisions"}],"predecessor-version":[{"id":28815,"href":"https:\/\/watmarpjan.org\/pt\/wp-json\/wp\/v2\/pages\/28810\/revisions\/28815"}],"up":[{"embeddable":true,"href":"https:\/\/watmarpjan.org\/pt\/wp-json\/wp\/v2\/pages\/25700"}],"wp:attachment":[{"href":"https:\/\/watmarpjan.org\/pt\/wp-json\/wp\/v2\/media?parent=28810"}],"curies":[{"name":"wp","href":"https:\/\/api.w.org\/{rel}","templated":true}]}}