{"id":28752,"date":"2021-10-08T03:17:08","date_gmt":"2021-10-08T03:17:08","guid":{"rendered":"https:\/\/watmarpjan.org\/pt\/?page_id=28752"},"modified":"2021-10-29T07:44:31","modified_gmt":"2021-10-29T07:44:31","slug":"livros","status":"publish","type":"page","link":"https:\/\/watmarpjan.org\/pt\/livros\/","title":{"rendered":"Livros"},"content":{"rendered":"<div class=\"row \"><div class=\"wpv-grid grid-1-1  wpv-first-level first unextended\" style=\"padding-top:0px;padding-bottom:0px\" id=\"wpv-column-edcda8a6e914d02d9d2f194d8b6539ae\" ><h3>Livros de Ajahn Anan em portugu\u00eas.<\/h3>\n<p>Dowload dispon\u00edvel gratuitamente.<\/div><\/div>\n<div class=\"push\" style='height:30px'><\/div>\n<div class=\"push\" style='height:30px'><\/div>\n<div class=\"row \"><div class=\"wpv-grid grid-1-4  wpv-first-level first unextended\" style=\"padding-top:0px;padding-bottom:0px\" id=\"wpv-column-588f3b60b8da7654b44989842547d2b3\" ><p><img loading=\"lazy\" decoding=\"async\" class=\"alignnone size-medium wp-image-28776\" src=\"https:\/\/watmarpjan.org\/pt\/wp-content\/uploads\/sites\/9\/capa-single-196x300.png\" alt=\"\" width=\"196\" height=\"300\" srcset=\"https:\/\/watmarpjan.org\/pt\/wp-content\/uploads\/sites\/9\/capa-single-196x300.png 196w, https:\/\/watmarpjan.org\/pt\/wp-content\/uploads\/sites\/9\/capa-single-555x850.png 555w, https:\/\/watmarpjan.org\/pt\/wp-content\/uploads\/sites\/9\/capa-single-360x552.png 360w, https:\/\/watmarpjan.org\/pt\/wp-content\/uploads\/sites\/9\/capa-single-262x401.png 262w, https:\/\/watmarpjan.org\/pt\/wp-content\/uploads\/sites\/9\/capa-single.png 579w, https:\/\/watmarpjan.org\/pt\/wp-content\/uploads\/sites\/9\/capa-single-196x300@2x.png 392w\" sizes=\"auto, (max-width: 196px) 100vw, 196px\" \/><\/div>\n<div class=\"wpv-grid grid-2-5  wpv-first-level unextended\" style=\"padding-top:0px;padding-bottom:0px\" id=\"wpv-column-febb39d7139640f4adc80f4957931a0c\" ><h4><strong>Liberdade Verdadeira<\/strong><\/h4>\n<p>Neste livro os mais diversos t\u00f3picos de Darma s\u00e3o abordados, de maneira simples e direta, gradualmente, dos mais b\u00e1sicos ensinamentos at\u00e9 os mais avan\u00e7ados.<\/p>\n<p><a href=\"https:\/\/drive.google.com\/file\/d\/1hr90a25QN0ZwTwkFlq0muO2HXKhZJ6yC\/view?usp=sharing\"><strong>Download PDF.<\/strong><\/a><\/div><\/div>\n<div class=\"push\" style='height:30px'><\/div>\n<div class=\"row \"><div class=\"wpv-grid grid-1-1  wpv-first-level first unextended\" style=\"padding-top:0px;padding-bottom:0px\" id=\"wpv-column-2e8d1aa7b687358a87627decfdb4eb45\" ><p>Mais livros de Ajahn Anan em outros idiomas podem ser encontrados <a href=\"https:\/\/watmarpjan.org\/en\/audio-books\/books\/\"><strong>Aqui.<\/strong><\/a><\/div><\/div>\n<div class=\"push\" style='height:50px'><\/div>\n","protected":false},"excerpt":{"rendered":"<p>Livros de Ajahn Anan em portugu\u00eas. Dowload dispon\u00edvel gratuitamente. Liberdade Verdadeira Neste livro os mais diversos t\u00f3picos de Darma s\u00e3o abordados, de maneira simples e direta, gradualmente, dos mais b\u00e1sicos ensinamentos at\u00e9 os mais avan\u00e7ados. Download PDF. Mais livros de Ajahn Anan em outros idiomas podem ser encontrados Aqui.<\/p>\n","protected":false},"author":16,"featured_media":0,"parent":0,"menu_order":0,"comment_status":"closed","ping_status":"closed","template":"","meta":{"_monsterinsights_skip_tracking":false,"_monsterinsights_sitenote_active":false,"_monsterinsights_sitenote_note":"","_monsterinsights_sitenote_category":0,"episode_type":"","audio_file":"","cover_image":"","cover_image_id":"","duration":"","filesize":"","date_recorded":"","explicit":"","block":"","filesize_raw":"","footnotes":""},"class_list":["post-28752","page","type-page","status-publish","hentry"],"_links":{"self":[{"href":"https:\/\/watmarpjan.org\/pt\/wp-json\/wp\/v2\/pages\/28752","targetHints":{"allow":["GET"]}}],"collection":[{"href":"https:\/\/watmarpjan.org\/pt\/wp-json\/wp\/v2\/pages"}],"about":[{"href":"https:\/\/watmarpjan.org\/pt\/wp-json\/wp\/v2\/types\/page"}],"author":[{"embeddable":true,"href":"https:\/\/watmarpjan.org\/pt\/wp-json\/wp\/v2\/users\/16"}],"replies":[{"embeddable":true,"href":"https:\/\/watmarpjan.org\/pt\/wp-json\/wp\/v2\/comments?post=28752"}],"version-history":[{"count":4,"href":"https:\/\/watmarpjan.org\/pt\/wp-json\/wp\/v2\/pages\/28752\/revisions"}],"predecessor-version":[{"id":28823,"href":"https:\/\/watmarpjan.org\/pt\/wp-json\/wp\/v2\/pages\/28752\/revisions\/28823"}],"wp:attachment":[{"href":"https:\/\/watmarpjan.org\/pt\/wp-json\/wp\/v2\/media?parent=28752"}],"curies":[{"name":"wp","href":"https:\/\/api.w.org\/{rel}","templated":true}]}}