{"id":25883,"date":"2017-05-19T09:07:36","date_gmt":"2017-05-19T09:07:36","guid":{"rendered":"http:\/\/watmarpjan.org\/pt\/?page_id=25883"},"modified":"2021-11-10T06:23:53","modified_gmt":"2021-11-10T06:23:53","slug":"historia","status":"publish","type":"page","link":"https:\/\/watmarpjan.org\/pt\/historia\/","title":{"rendered":"Hist\u00f3ria"},"content":{"rendered":"<div class=\"row \"><div class=\"wpv-grid grid-1-1  wpv-first-level first unextended\" style=\"padding-top:0px;padding-bottom:0px\" id=\"wpv-column-2bf10abd076a40d82aa56e6f6f6938a3\" ><h3><strong>Tradi\u00e7\u00e3o Tailandesa das Florestas<\/strong><\/h3>\n<p>Desde o in\u00edcio do s\u00e9culo passado uma linhagem mon\u00e1stica tem se destacado na Tail\u00e2ndia pela qualidade de sua pr\u00e1tica budista. Iniciado por Ajahn Man e Ajahn Sao, a combina\u00e7\u00e3o do estilo de vida mais recluso com a qualidade da disciplina mon\u00e1stica fez florescer um grande n\u00famero de mestres budistas renomados nessa linhagem. Hoje em dia a fama da Tradi\u00e7\u00e3o Tailandesa das Florestas se espalhou pelo mundo budista como uma das tradi\u00e7\u00f5es que mais floresceu em tempos recentes.<\/p>\n<p><img loading=\"lazy\" decoding=\"async\" class=\"wp-image-28735 aligncenter\" src=\"https:\/\/watmarpjan.org\/pt\/wp-content\/uploads\/sites\/9\/0545-Pindapata-300x71.png\" alt=\"\" width=\"507\" height=\"120\" srcset=\"https:\/\/watmarpjan.org\/pt\/wp-content\/uploads\/sites\/9\/0545-Pindapata-300x71.png 300w, https:\/\/watmarpjan.org\/pt\/wp-content\/uploads\/sites\/9\/0545-Pindapata-555x132.png 555w, https:\/\/watmarpjan.org\/pt\/wp-content\/uploads\/sites\/9\/0545-Pindapata-360x85.png 360w, https:\/\/watmarpjan.org\/pt\/wp-content\/uploads\/sites\/9\/0545-Pindapata-262x62.png 262w, https:\/\/watmarpjan.org\/pt\/wp-content\/uploads\/sites\/9\/0545-Pindapata.png 928w, https:\/\/watmarpjan.org\/pt\/wp-content\/uploads\/sites\/9\/0545-Pindapata-300x71@2x.png 600w\" sizes=\"auto, (max-width: 507px) 100vw, 507px\" \/><\/p>\n<h3><strong>Ajahn Chah<\/strong><\/h3>\n<p>Ordenado sob uma segunda gera\u00e7\u00e3o da Tradi\u00e7\u00e3o Tailandesa das Florestas, Ajahn Chah estudou sob Ajahn Man e outros professores dessa linhagem como Ajahn Kinari e Ajahn Tongrat e alcan\u00e7ou os mais altos resultados em sua pr\u00e1tica. O mosteiro fundado por ele, Wat Nong Pah Pong, tornou-se cabe\u00e7a de uma das mais pr\u00f3speras redes de mosteiros da Tail\u00e2ndia atual, com mais de 300 filiais espalhadas por diversos pa\u00edses, e foi um dos pioneiros a treinar cidad\u00e3os estrangeiros no estilo de vida mon\u00e1stico tradicional. (leia mais em sua <a href=\"https:\/\/dhammadafloresta.org\/2016\/01\/travessia-na-floresta-a-historia-de-vida-de-ajahn-chah\/\" class=\"broken_link\">biografia<\/a>).<\/p>\n<p><img loading=\"lazy\" decoding=\"async\" class=\"wp-image-28738 aligncenter\" src=\"https:\/\/watmarpjan.org\/pt\/wp-content\/uploads\/sites\/9\/ajchah-300x122.png\" alt=\"\" width=\"546\" height=\"222\" srcset=\"https:\/\/watmarpjan.org\/pt\/wp-content\/uploads\/sites\/9\/ajchah-300x122.png 300w, https:\/\/watmarpjan.org\/pt\/wp-content\/uploads\/sites\/9\/ajchah-555x225.png 555w, https:\/\/watmarpjan.org\/pt\/wp-content\/uploads\/sites\/9\/ajchah-360x146.png 360w, https:\/\/watmarpjan.org\/pt\/wp-content\/uploads\/sites\/9\/ajchah-262x106.png 262w, https:\/\/watmarpjan.org\/pt\/wp-content\/uploads\/sites\/9\/ajchah.png 908w, https:\/\/watmarpjan.org\/pt\/wp-content\/uploads\/sites\/9\/ajchah-300x122@2x.png 600w\" sizes=\"auto, (max-width: 546px) 100vw, 546px\" \/><\/p>\n<h3><strong>Ajahn Anan<\/strong><\/h3>\n<p>Em 3 de julho de 1975 Ajahn Anan Aki\u00f1cano tomou ordena\u00e7\u00e3o completa como monge em Wat Nong Pah Pong, sob a tutela de seu professor Ajahn Chah. Durante os pr\u00f3ximos quatro anos ele passou por treinamento. Seu talento na pr\u00e1tica era evidente, e logo foi encorajado por Ajahn Chah a buscar lugares mais seclusos para desenvolver melhor sua medita\u00e7\u00e3o.<\/p>\n<p>Durante os quatro anos seguintes ele viveu o estilo de vida de um monge asceta de floresta, enfrentando as dificuldades desse estilo de vida, como o constante perigo de mal\u00e1ria e animais selvagens.<\/p>\n<p>Em 1984 ele foi convidado a estabelecer um mosteiro filial de Wat Nong Pah Pong na provincia de Rayong, nascia assim o mosteiro de Wat Marp Jan. O mosteiro passou por um periodo inicial de escacez de recursos, mas a determina\u00e7\u00e3o dos monges l\u00e1 de praticar era mais forte que as dificuldades e com os anos Wat Marp Jan desenvolveu-se como um pr\u00f3spero mosteiro, abrigando dezenas de monges por vez.<\/p>\n<p>Com o tempo, leigos estrangeiros interessados em ordena\u00e7\u00e3o vieram praticar e a comunidade ganhou seu nicho para pessoas de outros pa\u00edses com interesse na vida mon\u00e1stica. Ajahn Anan com o tempo foi convidado diversas vezes para ensinar em outros pa\u00edses fora da Tail\u00e2ndia e a estabelecer mosteiros em alguns deles. Sua fama como um dos professores mais qualificados na pr\u00e1tica budista cresceu.<\/p>\n<p>Hoje em dia quase 40 anos passaram desde a funda\u00e7\u00e3o de Wat Marp Jan, e Ajahn Anan permanece ativo \u00e0 frente da comunidade que fundou.<\/p>\n<p><img loading=\"lazy\" decoding=\"async\" class=\" wp-image-28736 aligncenter\" src=\"https:\/\/watmarpjan.org\/pt\/wp-content\/uploads\/sites\/9\/B38I3439-300x200.jpg\" alt=\"\" width=\"365\" height=\"243\" srcset=\"https:\/\/watmarpjan.org\/pt\/wp-content\/uploads\/sites\/9\/B38I3439-300x200.jpg 300w, https:\/\/watmarpjan.org\/pt\/wp-content\/uploads\/sites\/9\/B38I3439-1024x683.jpg 1024w, https:\/\/watmarpjan.org\/pt\/wp-content\/uploads\/sites\/9\/B38I3439-1536x1024.jpg 1536w, https:\/\/watmarpjan.org\/pt\/wp-content\/uploads\/sites\/9\/B38I3439-2048x1365.jpg 2048w, https:\/\/watmarpjan.org\/pt\/wp-content\/uploads\/sites\/9\/B38I3439-1140x760.jpg 1140w, https:\/\/watmarpjan.org\/pt\/wp-content\/uploads\/sites\/9\/B38I3439-555x370.jpg 555w, https:\/\/watmarpjan.org\/pt\/wp-content\/uploads\/sites\/9\/B38I3439-360x240.jpg 360w, https:\/\/watmarpjan.org\/pt\/wp-content\/uploads\/sites\/9\/B38I3439-262x175.jpg 262w, https:\/\/watmarpjan.org\/pt\/wp-content\/uploads\/sites\/9\/B38I3439-300x200@2x.jpg 600w\" sizes=\"auto, (max-width: 365px) 100vw, 365px\" \/><\/p>\n<h3>Outras fontes<\/h3>\n<p>Para mais informa\u00e7\u00f5es sobre a tradi\u00e7\u00e3o tailandesa das florestas e da linhagem de mosteiros de Ajahn Chah, recomendamos o site do mosteiro <a href=\"https:\/\/suddhavari.org\/\">Suddhavari<\/a>, em S\u00e3o Louren\u00e7o, MG, Brasil, e do mosteiro <a href=\"https:\/\/projecto.sumedharama.pt\/\">Sumedharama<\/a> em Portugal.<\/div><\/div>\n","protected":false},"excerpt":{"rendered":"<p>Tradi\u00e7\u00e3o Tailandesa das Florestas Desde o in\u00edcio do s\u00e9culo passado uma linhagem mon\u00e1stica tem se destacado na Tail\u00e2ndia pela qualidade de sua pr\u00e1tica budista. Iniciado por Ajahn Man e Ajahn Sao, a combina\u00e7\u00e3o do estilo de vida mais recluso com a qualidade da disciplina mon\u00e1stica fez florescer um grande n\u00famero de mestres budistas renomados nessa&#8230;<\/p>\n","protected":false},"author":2,"featured_media":0,"parent":0,"menu_order":0,"comment_status":"closed","ping_status":"closed","template":"","meta":{"_monsterinsights_skip_tracking":false,"_monsterinsights_sitenote_active":false,"_monsterinsights_sitenote_note":"","_monsterinsights_sitenote_category":0,"episode_type":"","audio_file":"","cover_image":"","cover_image_id":"","duration":"","filesize":"","date_recorded":"","explicit":"","block":"","filesize_raw":"","footnotes":""},"class_list":["post-25883","page","type-page","status-publish","hentry"],"_links":{"self":[{"href":"https:\/\/watmarpjan.org\/pt\/wp-json\/wp\/v2\/pages\/25883","targetHints":{"allow":["GET"]}}],"collection":[{"href":"https:\/\/watmarpjan.org\/pt\/wp-json\/wp\/v2\/pages"}],"about":[{"href":"https:\/\/watmarpjan.org\/pt\/wp-json\/wp\/v2\/types\/page"}],"author":[{"embeddable":true,"href":"https:\/\/watmarpjan.org\/pt\/wp-json\/wp\/v2\/users\/2"}],"replies":[{"embeddable":true,"href":"https:\/\/watmarpjan.org\/pt\/wp-json\/wp\/v2\/comments?post=25883"}],"version-history":[{"count":13,"href":"https:\/\/watmarpjan.org\/pt\/wp-json\/wp\/v2\/pages\/25883\/revisions"}],"predecessor-version":[{"id":28715,"href":"https:\/\/watmarpjan.org\/pt\/wp-json\/wp\/v2\/pages\/25883\/revisions\/28715"}],"wp:attachment":[{"href":"https:\/\/watmarpjan.org\/pt\/wp-json\/wp\/v2\/media?parent=25883"}],"curies":[{"name":"wp","href":"https:\/\/api.w.org\/{rel}","templated":true}]}}