{"id":25752,"date":"2017-05-08T09:50:51","date_gmt":"2017-05-08T09:50:51","guid":{"rendered":"http:\/\/watmarpjan.org\/pt\/?page_id=25752"},"modified":"2021-11-25T04:24:30","modified_gmt":"2021-11-25T04:24:30","slug":"palestras-2","status":"publish","type":"page","link":"https:\/\/watmarpjan.org\/pt\/palestras-2\/","title":{"rendered":"Palestras"},"content":{"rendered":"<div class=\"row \"><div class=\"wpv-grid grid-1-1  wpv-first-level first unextended\" style=\"padding-top:0px;padding-bottom:0px\" id=\"wpv-column-3d069ba3dc8f0f6e0696ba55f9aac571\" ><h3>Material em portugu\u00eas<\/h3>\n<p>Palestras, entrevistas, v\u00eddeos, todo material de Darma pode ser encontrado em nossa p\u00e1gina do youtube: <a href=\"https:\/\/www.youtube.com\/channel\/UCn_CA-2HicChE6jvL4ir3oA\/featured\">Ajahn Anan Traduzido<\/a><\/p>\n<p><img loading=\"lazy\" decoding=\"async\" class=\"size-medium aligncenter\" src=\"http:\/\/watmarpjan.org\/pt\/wp-content\/uploads\/sites\/9\/yout.png\" width=\"594\" height=\"290\" \/><\/p>\n<h3><\/h3><\/div><\/div>\n<div class=\"row \"><div class=\"wpv-grid grid-1-2  wpv-first-level first unextended\" style=\"padding-top:0px;padding-bottom:0px\" id=\"wpv-column-69bb2050a4c13203cc91530cbc653c0e\" ><h3>Videoconfer\u00eancias<\/h3>\n<p>Um novo projeto visa realizar videoconfer\u00eancias peri\u00f3dicas com tradu\u00e7\u00e3o para o portugu\u00eas, dando a oportunidade de realizar perguntas do Darma diretamente a Ajahn Anan. Duas sess\u00f5es j\u00e1 foram realizadas 2021. Mais sess\u00f5es est\u00e3o por vir, para isso mantenha-se atualizado pela nossa <a href=\"https:\/\/web.facebook.com\/Ajahn-Anan-Traduzido-100227845333623\">p\u00e1gina do Facebook<\/a>.<\/p>\n<p style=\"text-align: center\"><div class=\"epyt-video-wrapper\"><iframe loading=\"lazy\"  id=\"_ytid_84758\"  width=\"1260\" height=\"709\"  data-origwidth=\"1260\" data-origheight=\"709\"  src=\"https:\/\/www.youtube.com\/embed\/cKwTqxSQSxc?enablejsapi=1&autoplay=0&cc_load_policy=0&cc_lang_pref=&iv_load_policy=1&loop=0&modestbranding=0&rel=1&fs=1&playsinline=0&autohide=2&theme=dark&color=red&controls=1&\" class=\"__youtube_prefs__  no-lazyload\" title=\"YouTube player\"  allow=\"autoplay; encrypted-media\" allowfullscreen data-no-lazy=\"1\" data-skipgform_ajax_framebjll=\"\"><\/iframe><\/div><\/div>\n<div class=\"wpv-grid grid-1-2  wpv-first-level unextended\" style=\"padding-top:0px;padding-bottom:0px\" id=\"wpv-column-96f05462bf3cf7c99afad96fd3a3ddbc\" ><h3>\u00c1udio<\/h3>\n<p>O \u00e1udio das palestras traduzidas pode ser encontradas <a href=\"https:\/\/watmarpjan.org\/pt\/palestra-audio\/\">aqui<\/a>, online ou para download.<\/p>\n<p><a href=\"https:\/\/watmarpjan.org\/pt\/palestra-audio\/\"><img loading=\"lazy\" decoding=\"async\" class=\"size-full wp-image-28860 aligncenter\" src=\"https:\/\/watmarpjan.org\/pt\/wp-content\/uploads\/sites\/9\/download-1.png\" alt=\"\" width=\"298\" height=\"169\" srcset=\"https:\/\/watmarpjan.org\/pt\/wp-content\/uploads\/sites\/9\/download-1.png 298w, https:\/\/watmarpjan.org\/pt\/wp-content\/uploads\/sites\/9\/download-1-262x149.png 262w\" sizes=\"auto, (max-width: 298px) 100vw, 298px\" \/><\/a><\/div><\/div>\n<div class=\"row \"><div class=\"wpv-grid grid-1-1  wpv-first-level first unextended\" style=\"padding-top:0px;padding-bottom:0px\" id=\"wpv-column-a5ee3c140ff031126312ba7a89175e98\" ><h3>Outros<\/h3>\n<p>O site Dhamma da floresta tamb\u00e9m oferece tradu\u00e7\u00f5es de palestras de Ajahn Anan feitas por Ajahn Mudito. <a href=\"https:\/\/dhammadafloresta.org\/tag\/ajahn-anan\/\" class=\"broken_link\">Clique aqui<\/a> para acessar.<\/div><\/div>\n<div class=\"push\" style='height:60px'><\/div>\n","protected":false},"excerpt":{"rendered":"<p>Material em portugu\u00eas Palestras, entrevistas, v\u00eddeos, todo material de Darma pode ser encontrado em nossa p\u00e1gina do youtube: Ajahn Anan Traduzido Videoconfer\u00eancias Um novo projeto visa realizar videoconfer\u00eancias peri\u00f3dicas com tradu\u00e7\u00e3o para o portugu\u00eas, dando a oportunidade de realizar perguntas do Darma diretamente a Ajahn Anan. Duas sess\u00f5es j\u00e1 foram realizadas 2021. Mais sess\u00f5es est\u00e3o&#8230;<\/p>\n","protected":false},"author":2,"featured_media":0,"parent":0,"menu_order":0,"comment_status":"closed","ping_status":"closed","template":"","meta":{"_monsterinsights_skip_tracking":false,"_monsterinsights_sitenote_active":false,"_monsterinsights_sitenote_note":"","_monsterinsights_sitenote_category":0,"episode_type":"","audio_file":"","cover_image":"","cover_image_id":"","duration":"","filesize":"","date_recorded":"","explicit":"","block":"","filesize_raw":"","footnotes":""},"class_list":["post-25752","page","type-page","status-publish","hentry"],"_links":{"self":[{"href":"https:\/\/watmarpjan.org\/pt\/wp-json\/wp\/v2\/pages\/25752","targetHints":{"allow":["GET"]}}],"collection":[{"href":"https:\/\/watmarpjan.org\/pt\/wp-json\/wp\/v2\/pages"}],"about":[{"href":"https:\/\/watmarpjan.org\/pt\/wp-json\/wp\/v2\/types\/page"}],"author":[{"embeddable":true,"href":"https:\/\/watmarpjan.org\/pt\/wp-json\/wp\/v2\/users\/2"}],"replies":[{"embeddable":true,"href":"https:\/\/watmarpjan.org\/pt\/wp-json\/wp\/v2\/comments?post=25752"}],"version-history":[{"count":27,"href":"https:\/\/watmarpjan.org\/pt\/wp-json\/wp\/v2\/pages\/25752\/revisions"}],"predecessor-version":[{"id":28719,"href":"https:\/\/watmarpjan.org\/pt\/wp-json\/wp\/v2\/pages\/25752\/revisions\/28719"}],"wp:attachment":[{"href":"https:\/\/watmarpjan.org\/pt\/wp-json\/wp\/v2\/media?parent=25752"}],"curies":[{"name":"wp","href":"https:\/\/api.w.org\/{rel}","templated":true}]}}