{"id":25700,"date":"2017-04-30T09:14:00","date_gmt":"2017-04-30T09:14:00","guid":{"rendered":"http:\/\/watmarpjan.org\/new\/en\/?page_id=25700"},"modified":"2022-07-31T04:21:38","modified_gmt":"2022-07-31T04:21:38","slug":"contato","status":"publish","type":"page","link":"https:\/\/watmarpjan.org\/pt\/contato\/","title":{"rendered":"Contato"},"content":{"rendered":"<div class=\"row \"><div class=\"wpv-grid grid-1-1  wpv-first-level first unextended\" style=\"padding-top:0px;padding-bottom:0px\" id=\"wpv-column-d5bd7e9b0d0bea4dedad916b7f0b2802\" ><div class=\"wpv-tabs vertical\" id=\"tabs-1\"><ul class=\"ui-tabs-nav\"><li class='tab-'><a href=\"#tab-1-0-\"> <span class=\"title-text\"><\/span><\/a><\/li><\/ul><div class=\"pane\" id=\"tab-1-0-\"><div class=\"row \"><div class=\"wpv-grid grid-1-1  first unextended\" style=\"padding-top:0px;padding-bottom:0px\" id=\"wpv-column-270d71ed5ff444a742f4dd0e575b77ee\" ><h2 class='column-title'>Contato<\/h2><div class=\"row \"><div class=\"wpv-grid grid-1-2  first unextended\" style=\"padding-top:0px;padding-bottom:0px\" id=\"wpv-column-348aac6ea70ecd5fc150b7d41403c855\" >\n<div class=\"contact_info_wrap\">\n\t\t\n\t\t\t<p><span class='icon shortcode theme ' style='color:#9B9B9B;'>&#57382;<\/span>(66) 038-026-251 (10.00 - 11.45 ou 15.00 - 17.00 \u0e19.)<\/p>\n\t\t\n\t\t\t<p><span class='icon shortcode theme ' style='color:#9B9B9B;'>&#57361;<\/span>(66) 063-542-9144<\/p>\n\t\t\n\t\t\t<p><a href=\"mailto:marpjan@gmail.com (ingles somente)\" ><span class='icon shortcode theme ' style='color:#9B9B9B;'>&#57353;<\/span>marpjan@gmail.com (ingles somente)<\/a><\/p>\n\t\t\n\t\t\t<p><span class=\"contact_address\"><span class='icon shortcode theme ' style='color:#9B9B9B;'>&#57367;<\/span>Wat Marp Jan<br \/>\n8\/1 Moo 7<br \/>\nTambon: klaeng<br \/>\nAmper: Mueang<br \/>\nRayong 21160<\/span><\/p>\n\t\t\n<\/div>\n<\/div><\/div><\/div><\/div>\n<div class=\"row \"><div class=\"wpv-grid grid-1-1  first unextended\" style=\"padding-top:0px;padding-bottom:0px\" id=\"wpv-column-047176257c9a4e9437566ca21373e8bd\" ><h4>Praticando em Wat Marp Jan<\/h4>\n<p>Wat Marp Jan oferece a oportunidade de leigos visitarem o mosteiro pela manh\u00e3, onde podem oferecer comida para a comunidade e participar da rotina matinal, como tamb\u00e9m de estadias no monast\u00e9rio para pessoas desejando praticar o Darma. Pessoas ficando no monast\u00e9rio devem obedecer os oito preceitos e seguir fielmente a rotina do mosteiro de c\u00e2nticos, medita\u00e7\u00e3o e trabalhos comunit\u00e1rios. O monast\u00e9rio oferece apenas sete dias de estadia para a primeira visita sem exten\u00e7\u00e3o garantida.<\/p>\n<p>Para cadastrar-se para uma estadia clique<a href=\"https:\/\/watmarpjan.org\/en\/contact\/visiting\/\"> aqui.<\/a> (Dispon\u00edvel apenas em ingl\u00eas)<\/p>\n<p><div id=\"attachment_28785\" style=\"width: 728px\" class=\"wp-caption aligncenter\"><img loading=\"lazy\" decoding=\"async\" aria-describedby=\"caption-attachment-28785\" class=\" wp-image-28785\" src=\"https:\/\/watmarpjan.org\/pt\/wp-content\/uploads\/sites\/9\/64787481_854064131619653_4140189941806137344_n-300x103.jpg\" alt=\"Vista a\u00e9rea de Wat Marp Jan\" width=\"718\" height=\"246\" srcset=\"https:\/\/watmarpjan.org\/pt\/wp-content\/uploads\/sites\/9\/64787481_854064131619653_4140189941806137344_n-300x103.jpg 300w, https:\/\/watmarpjan.org\/pt\/wp-content\/uploads\/sites\/9\/64787481_854064131619653_4140189941806137344_n-555x191.jpg 555w, https:\/\/watmarpjan.org\/pt\/wp-content\/uploads\/sites\/9\/64787481_854064131619653_4140189941806137344_n-360x124.jpg 360w, https:\/\/watmarpjan.org\/pt\/wp-content\/uploads\/sites\/9\/64787481_854064131619653_4140189941806137344_n-262x90.jpg 262w, https:\/\/watmarpjan.org\/pt\/wp-content\/uploads\/sites\/9\/64787481_854064131619653_4140189941806137344_n-300x103@2x.jpg 600w\" sizes=\"auto, (max-width: 718px) 100vw, 718px\" \/><p id=\"caption-attachment-28785\" class=\"wp-caption-text\">Vista a\u00e9rea de Wat Marp<\/p><\/div><\/div><\/div><\/div><\/div><style>#tabs-1.vertical,#tabs-1.vertical:before{background:#fff;}#tabs-1.vertical .ui-tabs-nav,#tabs-1.vertical .ui-tabs-nav:before,#tabs-1.vertical .ui-tabs-nav li{background:#efefef;}#tabs-1.vertical .ui-tabs-nav li,#tabs-1.vertical .ui-tabs-nav li a,#tabs-1.vertical .ui-tabs-nav li a .icon{color:#c90;}#tabs-1.vertical .ui-tabs-nav .ui-state-active,#tabs-1.vertical .ui-tabs-nav .ui-state-selected,#tabs-1.vertical .ui-tabs-nav .ui-state-hover{background:#fff;}#tabs-1.vertical .ui-tabs-nav .inactive-block-title h1,#tabs-1.vertical .ui-tabs-nav .inactive-block-title h2,#tabs-1.vertical .ui-tabs-nav .inactive-block-title h3,#tabs-1.vertical .ui-tabs-nav .inactive-block-title h4,#tabs-1.vertical .ui-tabs-nav .inactive-block-title h5,#tabs-1.vertical .ui-tabs-nav .inactive-block-title h6{color:#c90;}#tabs-1.vertical .pane:before{background:#efefef;}<\/style><\/div><\/div>\n","protected":false},"excerpt":{"rendered":"","protected":false},"author":10,"featured_media":0,"parent":0,"menu_order":0,"comment_status":"closed","ping_status":"closed","template":"","meta":{"_monsterinsights_skip_tracking":false,"_monsterinsights_sitenote_active":false,"_monsterinsights_sitenote_note":"","_monsterinsights_sitenote_category":0,"episode_type":"","audio_file":"","cover_image":"","cover_image_id":"","duration":"","filesize":"","date_recorded":"","explicit":"","block":"","filesize_raw":"","footnotes":""},"class_list":["post-25700","page","type-page","status-publish","hentry"],"_links":{"self":[{"href":"https:\/\/watmarpjan.org\/pt\/wp-json\/wp\/v2\/pages\/25700","targetHints":{"allow":["GET"]}}],"collection":[{"href":"https:\/\/watmarpjan.org\/pt\/wp-json\/wp\/v2\/pages"}],"about":[{"href":"https:\/\/watmarpjan.org\/pt\/wp-json\/wp\/v2\/types\/page"}],"author":[{"embeddable":true,"href":"https:\/\/watmarpjan.org\/pt\/wp-json\/wp\/v2\/users\/10"}],"replies":[{"embeddable":true,"href":"https:\/\/watmarpjan.org\/pt\/wp-json\/wp\/v2\/comments?post=25700"}],"version-history":[{"count":55,"href":"https:\/\/watmarpjan.org\/pt\/wp-json\/wp\/v2\/pages\/25700\/revisions"}],"predecessor-version":[{"id":28924,"href":"https:\/\/watmarpjan.org\/pt\/wp-json\/wp\/v2\/pages\/25700\/revisions\/28924"}],"wp:attachment":[{"href":"https:\/\/watmarpjan.org\/pt\/wp-json\/wp\/v2\/media?parent=25700"}],"curies":[{"name":"wp","href":"https:\/\/api.w.org\/{rel}","templated":true}]}}